{"id":331,"date":"2023-12-17T09:22:44","date_gmt":"2023-12-17T08:22:44","guid":{"rendered":"https:\/\/webhd.fr\/?page_id=331"},"modified":"2026-04-03T16:44:34","modified_gmt":"2026-04-03T14:44:34","slug":"mentions-legales","status":"publish","type":"page","link":"https:\/\/webhd.fr\/index.php\/mentions-legales\/","title":{"rendered":"Mentions l\u00e9gales"},"content":{"rendered":"\t\t<div data-elementor-type=\"wp-page\" data-elementor-id=\"331\" class=\"elementor elementor-331\">\n\t\t\t\t<div class=\"elementor-element elementor-element-b11f0e6 e-flex e-con-boxed wpr-particle-no wpr-jarallax-no wpr-parallax-no wpr-sticky-section-no wpr-equal-height-no e-con e-parent\" data-id=\"b11f0e6\" data-element_type=\"container\" data-e-type=\"container\">\n\t\t\t\t\t<div class=\"e-con-inner\">\n\t\t\t\t<div class=\"elementor-element elementor-element-9b29b87 elementor-widget elementor-widget-spacer\" data-id=\"9b29b87\" data-element_type=\"widget\" data-e-type=\"widget\" data-widget_type=\"spacer.default\">\n\t\t\t\t<div class=\"elementor-widget-container\">\n\t\t\t\t\t\t\t<div class=\"elementor-spacer\">\n\t\t\t<div class=\"elementor-spacer-inner\"><\/div>\n\t\t<\/div>\n\t\t\t\t\t\t<\/div>\n\t\t\t\t<\/div>\n\t\t\t\t<div class=\"elementor-element elementor-element-6630ba5 elementor-widget elementor-widget-heading\" data-id=\"6630ba5\" data-element_type=\"widget\" data-e-type=\"widget\" data-widget_type=\"heading.default\">\n\t\t\t\t<div class=\"elementor-widget-container\">\n\t\t\t\t\t<h2 class=\"elementor-heading-title elementor-size-default\">Mentions L\u00e9gales\n<\/h2>\t\t\t\t<\/div>\n\t\t\t\t<\/div>\n\t\t\t\t<div class=\"elementor-element elementor-element-29f8676 elementor-widget elementor-widget-image\" data-id=\"29f8676\" data-element_type=\"widget\" data-e-type=\"widget\" data-widget_type=\"image.default\">\n\t\t\t\t<div class=\"elementor-widget-container\">\n\t\t\t\t\t\t\t\t\t\t\t\t\t\t\t<img fetchpriority=\"high\" decoding=\"async\" width=\"500\" height=\"326\" src=\"https:\/\/webhd.fr\/wp-content\/uploads\/2023\/12\/cropped-WEB-HD.png\" class=\"attachment-large size-large wp-image-22\" alt=\"\" srcset=\"https:\/\/webhd.fr\/wp-content\/uploads\/2023\/12\/cropped-WEB-HD.png 500w, https:\/\/webhd.fr\/wp-content\/uploads\/2023\/12\/cropped-WEB-HD-300x196.png 300w\" sizes=\"(max-width: 500px) 100vw, 500px\" \/>\t\t\t\t\t\t\t\t\t\t\t\t\t\t\t<\/div>\n\t\t\t\t<\/div>\n\t\t\t\t\t<\/div>\n\t\t\t\t<\/div>\n\t\t<div class=\"elementor-element elementor-element-38be1f8 e-flex e-con-boxed wpr-particle-no wpr-jarallax-no wpr-parallax-no wpr-sticky-section-no wpr-equal-height-no e-con e-parent\" data-id=\"38be1f8\" data-element_type=\"container\" data-e-type=\"container\">\n\t\t\t\t\t<div class=\"e-con-inner\">\n\t\t\t\t<div class=\"elementor-element elementor-element-28f4b01 elementor-widget elementor-widget-text-editor\" data-id=\"28f4b01\" data-element_type=\"widget\" data-e-type=\"widget\" data-widget_type=\"text-editor.default\">\n\t\t\t\t<div class=\"elementor-widget-container\">\n\t\t\t\t\t\t\t\t\t<p data-indent=\"0\">Web-HD<\/p><p data-indent=\"0\">SIRET (si\u00e8ge) : 93908211100013<\/p><p data-indent=\"0\">Adresse du si\u00e8ge : 20 RUE MARCELINE LELOUP 77176 SAVIGNY-LE-TEMPLE<\/p><p data-indent=\"0\">Adresse mail :\u00a0<a href=\"mailto:info@webhd.fr\" target=\"_blank\" rel=\"noopener\">info@webhd.fr<\/a><\/p><p data-indent=\"0\"><strong>Directeur de publication : GUN Hakan<\/strong><\/p><p data-indent=\"0\"><strong>H\u00e9bergeur<\/strong><\/p><p data-indent=\"0\">La soci\u00e9t\u00e9 Hostinger dont le si\u00e8ge est situ\u00e9<\/p><p data-v-8ee699b6=\"\">Hostinger, UAB<\/p><p data-v-8ee699b6=\"\">Jonavos g. 60C, 44192<\/p><p data-indent=\"0\"><strong>CONDITIONS D\u2019UTILISATION<\/strong><\/p><p data-indent=\"0\"><strong>Propri\u00e9t\u00e9 intellectuelle<\/strong><\/p><p data-indent=\"0\">Sous r\u00e9serve des droits de ses partenaires, le contenu du site est la propri\u00e9t\u00e9 exclusive de l\u2019\u00c9diteur et est prot\u00e9g\u00e9 par les lois fran\u00e7aises et internationales relatives \u00e0 la propri\u00e9t\u00e9 intellectuelle. Ce droit de propri\u00e9t\u00e9 inclut, le cas \u00e9ch\u00e9ant, les bases de donn\u00e9es pr\u00e9sentes sur le site qui sont prot\u00e9g\u00e9es au titre du droit sui generis des producteurs de bases de donn\u00e9es.<\/p><p data-indent=\"0\">Les \u00e9l\u00e9ments du site, pris dans leur ensemble ou individuellement, ne peuvent faire l\u2019objet d\u2019aucune utilisation, transformation, traduction, adaptation, reproduction, exploitation, totale ou partielle, non express\u00e9ment autoris\u00e9e par l\u2019\u00c9diteur, sous peine de poursuites. Cela signifie notamment que les utilisateurs du site ne peuvent t\u00e9l\u00e9charger ou copier-coller ces contenus \u00e0 d\u00e9faut d\u2019autorisation expresse par la loi ou par l\u2019\u00c9diteur.<\/p><p data-indent=\"0\"><strong>Liens hypertextes<\/strong><\/p><p data-indent=\"0\">Le site est susceptible de diriger l\u2019utilisateur via des liens hypertextes vers d\u2019autres sites internet du m\u00eame \u00c9diteur ou de tiers. Il appartient \u00e0 l\u2019utilisateur de consulter les mentions l\u00e9gales de ces sites et de respecter leurs \u00e9ventuelles conditions d\u2019utilisation.<\/p><p data-indent=\"0\">L\u2019\u00c9diteur ne pourra en aucun cas \u00eatre tenu pour responsable des informations diffus\u00e9es sur les sites vers lesquels renvoient des liens hypertextes pr\u00e9sents sur son site ainsi que de tous pr\u00e9judices de quelque nature que ce soit r\u00e9sultant notamment de l\u2019acc\u00e8s \u00e0 ceux-ci.<\/p><p data-indent=\"0\">Si une personne dirige ses utilisateurs vers le pr\u00e9sent site internet, l\u2019\u00c9diteur se r\u00e9serve la possibilit\u00e9 de demander la suppression du lien hypertexte pointant vers ce site s\u2019il estime que ce lien n\u2019est pas conforme \u00e0 ses droits et int\u00e9r\u00eats l\u00e9gitimes.<\/p><p>Lorem ipsum dolor sit amet, consectetur adipiscing elit. Ut elit tellus, luctus nec ullamcorper mattis, pulvinar dapibus leo.<\/p>\t\t\t\t\t\t\t\t<\/div>\n\t\t\t\t<\/div>\n\t\t\t\t\t<\/div>\n\t\t\t\t<\/div>\n\t\t\t\t<\/div>\n\t\t","protected":false},"excerpt":{"rendered":"<p>Mentions L\u00e9gales Web-HD SIRET (si\u00e8ge) : 93908211100013 Adresse du si\u00e8ge : 20 RUE MARCELINE LELOUP 77176 SAVIGNY-LE-TEMPLE Adresse mail :\u00a0info@webhd.fr Directeur de publication : GUN Hakan H\u00e9bergeur La soci\u00e9t\u00e9 Hostinger dont le si\u00e8ge est situ\u00e9 Hostinger, UAB Jonavos g. 60C, 44192 CONDITIONS D\u2019UTILISATION Propri\u00e9t\u00e9 intellectuelle Sous r\u00e9serve des droits de ses partenaires, le contenu du site est la propri\u00e9t\u00e9 exclusive de l\u2019\u00c9diteur et est prot\u00e9g\u00e9 par les lois fran\u00e7aises et internationales relatives \u00e0 la propri\u00e9t\u00e9 intellectuelle. Ce droit de propri\u00e9t\u00e9 inclut, le cas \u00e9ch\u00e9ant, les bases de donn\u00e9es pr\u00e9sentes sur le site qui sont prot\u00e9g\u00e9es au titre du droit sui generis des producteurs de bases de donn\u00e9es. Les \u00e9l\u00e9ments du site, pris dans leur ensemble ou individuellement, ne peuvent faire l\u2019objet d\u2019aucune utilisation, transformation, traduction, adaptation, reproduction, exploitation, totale ou partielle, non express\u00e9ment autoris\u00e9e par l\u2019\u00c9diteur, sous peine de poursuites. Cela signifie notamment que les utilisateurs du site ne peuvent t\u00e9l\u00e9charger ou copier-coller ces contenus \u00e0 d\u00e9faut d\u2019autorisation expresse par la loi ou par l\u2019\u00c9diteur. Liens hypertextes Le site est susceptible de diriger l\u2019utilisateur via des liens hypertextes vers d\u2019autres sites internet du m\u00eame \u00c9diteur ou de tiers. Il appartient \u00e0 l\u2019utilisateur de consulter les mentions l\u00e9gales de ces sites et de respecter leurs \u00e9ventuelles conditions d\u2019utilisation. L\u2019\u00c9diteur ne pourra en aucun cas \u00eatre tenu pour responsable des informations diffus\u00e9es sur les sites vers lesquels renvoient des liens hypertextes pr\u00e9sents sur son site ainsi que de tous pr\u00e9judices de quelque nature que ce soit r\u00e9sultant notamment de l\u2019acc\u00e8s \u00e0 ceux-ci. Si une personne dirige ses utilisateurs vers le pr\u00e9sent site internet, l\u2019\u00c9diteur se r\u00e9serve la possibilit\u00e9 de demander la suppression du lien hypertexte pointant vers ce site s\u2019il estime que ce lien n\u2019est pas conforme \u00e0 ses droits et int\u00e9r\u00eats l\u00e9gitimes. Lorem ipsum dolor sit amet, consectetur adipiscing elit. Ut elit tellus, luctus nec ullamcorper mattis, pulvinar dapibus leo.<\/p>\n","protected":false},"author":1,"featured_media":0,"parent":0,"menu_order":0,"comment_status":"closed","ping_status":"closed","template":"","meta":{"om_disable_all_campaigns":false,"_monsterinsights_skip_tracking":false,"_monsterinsights_sitenote_active":false,"_monsterinsights_sitenote_note":"","_monsterinsights_sitenote_category":0,"_kad_post_transparent":"","_kad_post_title":"hide","_kad_post_layout":"fullwidth","_kad_post_sidebar_id":"","_kad_post_content_style":"unboxed","_kad_post_vertical_padding":"hide","_kad_post_feature":"hide","_kad_post_feature_position":"","_kad_post_header":false,"_kad_post_footer":false,"footnotes":""},"class_list":["post-331","page","type-page","status-publish","hentry"],"yoast_head":"<!-- This site is optimized with the Yoast SEO plugin v27.4 - https:\/\/yoast.com\/product\/yoast-seo-wordpress\/ -->\n<title>Mentions l\u00e9gales -<\/title>\n<meta name=\"robots\" content=\"index, follow, max-snippet:-1, max-image-preview:large, max-video-preview:-1\" \/>\n<link rel=\"canonical\" href=\"https:\/\/webhd.fr\/index.php\/mentions-legales\/\" \/>\n<meta property=\"og:locale\" content=\"fr_FR\" \/>\n<meta property=\"og:type\" content=\"article\" \/>\n<meta property=\"og:title\" content=\"Mentions l\u00e9gales -\" \/>\n<meta property=\"og:description\" content=\"Mentions L\u00e9gales Web-HD SIRET (si\u00e8ge) : 93908211100013 Adresse du si\u00e8ge : 20 RUE MARCELINE LELOUP 77176 SAVIGNY-LE-TEMPLE Adresse mail :\u00a0info@webhd.fr Directeur de publication : GUN Hakan H\u00e9bergeur La soci\u00e9t\u00e9 Hostinger dont le si\u00e8ge est situ\u00e9 Hostinger, UAB Jonavos g. 60C, 44192 CONDITIONS D\u2019UTILISATION Propri\u00e9t\u00e9 intellectuelle Sous r\u00e9serve des droits de ses partenaires, le contenu du site est la propri\u00e9t\u00e9 exclusive de l\u2019\u00c9diteur et est prot\u00e9g\u00e9 par les lois fran\u00e7aises et internationales relatives \u00e0 la propri\u00e9t\u00e9 intellectuelle. Ce droit de propri\u00e9t\u00e9 inclut, le cas \u00e9ch\u00e9ant, les bases de donn\u00e9es pr\u00e9sentes sur le site qui sont prot\u00e9g\u00e9es au titre du droit sui generis des producteurs de bases de donn\u00e9es. Les \u00e9l\u00e9ments du site, pris dans leur ensemble ou individuellement, ne peuvent faire l\u2019objet d\u2019aucune utilisation, transformation, traduction, adaptation, reproduction, exploitation, totale ou partielle, non express\u00e9ment autoris\u00e9e par l\u2019\u00c9diteur, sous peine de poursuites. Cela signifie notamment que les utilisateurs du site ne peuvent t\u00e9l\u00e9charger ou copier-coller ces contenus \u00e0 d\u00e9faut d\u2019autorisation expresse par la loi ou par l\u2019\u00c9diteur. Liens hypertextes Le site est susceptible de diriger l\u2019utilisateur via des liens hypertextes vers d\u2019autres sites internet du m\u00eame \u00c9diteur ou de tiers. Il appartient \u00e0 l\u2019utilisateur de consulter les mentions l\u00e9gales de ces sites et de respecter leurs \u00e9ventuelles conditions d\u2019utilisation. L\u2019\u00c9diteur ne pourra en aucun cas \u00eatre tenu pour responsable des informations diffus\u00e9es sur les sites vers lesquels renvoient des liens hypertextes pr\u00e9sents sur son site ainsi que de tous pr\u00e9judices de quelque nature que ce soit r\u00e9sultant notamment de l\u2019acc\u00e8s \u00e0 ceux-ci. Si une personne dirige ses utilisateurs vers le pr\u00e9sent site internet, l\u2019\u00c9diteur se r\u00e9serve la possibilit\u00e9 de demander la suppression du lien hypertexte pointant vers ce site s\u2019il estime que ce lien n\u2019est pas conforme \u00e0 ses droits et int\u00e9r\u00eats l\u00e9gitimes. Lorem ipsum dolor sit amet, consectetur adipiscing elit. Ut elit tellus, luctus nec ullamcorper mattis, pulvinar dapibus leo.\" \/>\n<meta property=\"og:url\" content=\"https:\/\/webhd.fr\/index.php\/mentions-legales\/\" \/>\n<meta property=\"article:modified_time\" content=\"2026-04-03T14:44:34+00:00\" \/>\n<meta property=\"og:image\" content=\"https:\/\/webhd.fr\/wp-content\/uploads\/2023\/12\/cropped-WEB-HD.png\" \/>\n\t<meta property=\"og:image:width\" content=\"500\" \/>\n\t<meta property=\"og:image:height\" content=\"326\" \/>\n\t<meta property=\"og:image:type\" content=\"image\/png\" \/>\n<meta name=\"twitter:card\" content=\"summary_large_image\" \/>\n<meta name=\"twitter:label1\" content=\"Dur\u00e9e de lecture estim\u00e9e\" \/>\n\t<meta name=\"twitter:data1\" content=\"2 minutes\" \/>\n<script type=\"application\/ld+json\" class=\"yoast-schema-graph\">{\"@context\":\"https:\\\/\\\/schema.org\",\"@graph\":[{\"@type\":\"WebPage\",\"@id\":\"https:\\\/\\\/webhd.fr\\\/index.php\\\/mentions-legales\\\/\",\"url\":\"https:\\\/\\\/webhd.fr\\\/index.php\\\/mentions-legales\\\/\",\"name\":\"Mentions l\u00e9gales -\",\"isPartOf\":{\"@id\":\"https:\\\/\\\/webhd.fr\\\/#website\"},\"primaryImageOfPage\":{\"@id\":\"https:\\\/\\\/webhd.fr\\\/index.php\\\/mentions-legales\\\/#primaryimage\"},\"image\":{\"@id\":\"https:\\\/\\\/webhd.fr\\\/index.php\\\/mentions-legales\\\/#primaryimage\"},\"thumbnailUrl\":\"http:\\\/\\\/webhd.fr\\\/wp-content\\\/uploads\\\/2023\\\/12\\\/cropped-WEB-HD.png\",\"datePublished\":\"2023-12-17T08:22:44+00:00\",\"dateModified\":\"2026-04-03T14:44:34+00:00\",\"breadcrumb\":{\"@id\":\"https:\\\/\\\/webhd.fr\\\/index.php\\\/mentions-legales\\\/#breadcrumb\"},\"inLanguage\":\"fr-FR\",\"potentialAction\":[{\"@type\":\"ReadAction\",\"target\":[\"https:\\\/\\\/webhd.fr\\\/index.php\\\/mentions-legales\\\/\"]}]},{\"@type\":\"ImageObject\",\"inLanguage\":\"fr-FR\",\"@id\":\"https:\\\/\\\/webhd.fr\\\/index.php\\\/mentions-legales\\\/#primaryimage\",\"url\":\"https:\\\/\\\/webhd.fr\\\/wp-content\\\/uploads\\\/2023\\\/12\\\/cropped-WEB-HD.png\",\"contentUrl\":\"https:\\\/\\\/webhd.fr\\\/wp-content\\\/uploads\\\/2023\\\/12\\\/cropped-WEB-HD.png\",\"width\":500,\"height\":326},{\"@type\":\"BreadcrumbList\",\"@id\":\"https:\\\/\\\/webhd.fr\\\/index.php\\\/mentions-legales\\\/#breadcrumb\",\"itemListElement\":[{\"@type\":\"ListItem\",\"position\":1,\"name\":\"Accueil\",\"item\":\"https:\\\/\\\/webhd.fr\\\/\"},{\"@type\":\"ListItem\",\"position\":2,\"name\":\"Mentions l\u00e9gales\"}]},{\"@type\":\"WebSite\",\"@id\":\"https:\\\/\\\/webhd.fr\\\/#website\",\"url\":\"https:\\\/\\\/webhd.fr\\\/\",\"name\":\"\",\"description\":\"Votre agence de confiance\",\"potentialAction\":[{\"@type\":\"SearchAction\",\"target\":{\"@type\":\"EntryPoint\",\"urlTemplate\":\"https:\\\/\\\/webhd.fr\\\/?s={search_term_string}\"},\"query-input\":{\"@type\":\"PropertyValueSpecification\",\"valueRequired\":true,\"valueName\":\"search_term_string\"}}],\"inLanguage\":\"fr-FR\"}]}<\/script>\n<!-- \/ Yoast SEO plugin. -->","yoast_head_json":{"title":"Mentions l\u00e9gales -","robots":{"index":"index","follow":"follow","max-snippet":"max-snippet:-1","max-image-preview":"max-image-preview:large","max-video-preview":"max-video-preview:-1"},"canonical":"https:\/\/webhd.fr\/index.php\/mentions-legales\/","og_locale":"fr_FR","og_type":"article","og_title":"Mentions l\u00e9gales -","og_description":"Mentions L\u00e9gales Web-HD SIRET (si\u00e8ge) : 93908211100013 Adresse du si\u00e8ge : 20 RUE MARCELINE LELOUP 77176 SAVIGNY-LE-TEMPLE Adresse mail :\u00a0info@webhd.fr Directeur de publication : GUN Hakan H\u00e9bergeur La soci\u00e9t\u00e9 Hostinger dont le si\u00e8ge est situ\u00e9 Hostinger, UAB Jonavos g. 60C, 44192 CONDITIONS D\u2019UTILISATION Propri\u00e9t\u00e9 intellectuelle Sous r\u00e9serve des droits de ses partenaires, le contenu du site est la propri\u00e9t\u00e9 exclusive de l\u2019\u00c9diteur et est prot\u00e9g\u00e9 par les lois fran\u00e7aises et internationales relatives \u00e0 la propri\u00e9t\u00e9 intellectuelle. Ce droit de propri\u00e9t\u00e9 inclut, le cas \u00e9ch\u00e9ant, les bases de donn\u00e9es pr\u00e9sentes sur le site qui sont prot\u00e9g\u00e9es au titre du droit sui generis des producteurs de bases de donn\u00e9es. Les \u00e9l\u00e9ments du site, pris dans leur ensemble ou individuellement, ne peuvent faire l\u2019objet d\u2019aucune utilisation, transformation, traduction, adaptation, reproduction, exploitation, totale ou partielle, non express\u00e9ment autoris\u00e9e par l\u2019\u00c9diteur, sous peine de poursuites. Cela signifie notamment que les utilisateurs du site ne peuvent t\u00e9l\u00e9charger ou copier-coller ces contenus \u00e0 d\u00e9faut d\u2019autorisation expresse par la loi ou par l\u2019\u00c9diteur. Liens hypertextes Le site est susceptible de diriger l\u2019utilisateur via des liens hypertextes vers d\u2019autres sites internet du m\u00eame \u00c9diteur ou de tiers. Il appartient \u00e0 l\u2019utilisateur de consulter les mentions l\u00e9gales de ces sites et de respecter leurs \u00e9ventuelles conditions d\u2019utilisation. L\u2019\u00c9diteur ne pourra en aucun cas \u00eatre tenu pour responsable des informations diffus\u00e9es sur les sites vers lesquels renvoient des liens hypertextes pr\u00e9sents sur son site ainsi que de tous pr\u00e9judices de quelque nature que ce soit r\u00e9sultant notamment de l\u2019acc\u00e8s \u00e0 ceux-ci. Si une personne dirige ses utilisateurs vers le pr\u00e9sent site internet, l\u2019\u00c9diteur se r\u00e9serve la possibilit\u00e9 de demander la suppression du lien hypertexte pointant vers ce site s\u2019il estime que ce lien n\u2019est pas conforme \u00e0 ses droits et int\u00e9r\u00eats l\u00e9gitimes. Lorem ipsum dolor sit amet, consectetur adipiscing elit. Ut elit tellus, luctus nec ullamcorper mattis, pulvinar dapibus leo.","og_url":"https:\/\/webhd.fr\/index.php\/mentions-legales\/","article_modified_time":"2026-04-03T14:44:34+00:00","og_image":[{"width":500,"height":326,"url":"https:\/\/webhd.fr\/wp-content\/uploads\/2023\/12\/cropped-WEB-HD.png","type":"image\/png"}],"twitter_card":"summary_large_image","twitter_misc":{"Dur\u00e9e de lecture estim\u00e9e":"2 minutes"},"schema":{"@context":"https:\/\/schema.org","@graph":[{"@type":"WebPage","@id":"https:\/\/webhd.fr\/index.php\/mentions-legales\/","url":"https:\/\/webhd.fr\/index.php\/mentions-legales\/","name":"Mentions l\u00e9gales -","isPartOf":{"@id":"https:\/\/webhd.fr\/#website"},"primaryImageOfPage":{"@id":"https:\/\/webhd.fr\/index.php\/mentions-legales\/#primaryimage"},"image":{"@id":"https:\/\/webhd.fr\/index.php\/mentions-legales\/#primaryimage"},"thumbnailUrl":"http:\/\/webhd.fr\/wp-content\/uploads\/2023\/12\/cropped-WEB-HD.png","datePublished":"2023-12-17T08:22:44+00:00","dateModified":"2026-04-03T14:44:34+00:00","breadcrumb":{"@id":"https:\/\/webhd.fr\/index.php\/mentions-legales\/#breadcrumb"},"inLanguage":"fr-FR","potentialAction":[{"@type":"ReadAction","target":["https:\/\/webhd.fr\/index.php\/mentions-legales\/"]}]},{"@type":"ImageObject","inLanguage":"fr-FR","@id":"https:\/\/webhd.fr\/index.php\/mentions-legales\/#primaryimage","url":"https:\/\/webhd.fr\/wp-content\/uploads\/2023\/12\/cropped-WEB-HD.png","contentUrl":"https:\/\/webhd.fr\/wp-content\/uploads\/2023\/12\/cropped-WEB-HD.png","width":500,"height":326},{"@type":"BreadcrumbList","@id":"https:\/\/webhd.fr\/index.php\/mentions-legales\/#breadcrumb","itemListElement":[{"@type":"ListItem","position":1,"name":"Accueil","item":"https:\/\/webhd.fr\/"},{"@type":"ListItem","position":2,"name":"Mentions l\u00e9gales"}]},{"@type":"WebSite","@id":"https:\/\/webhd.fr\/#website","url":"https:\/\/webhd.fr\/","name":"","description":"Votre agence de confiance","potentialAction":[{"@type":"SearchAction","target":{"@type":"EntryPoint","urlTemplate":"https:\/\/webhd.fr\/?s={search_term_string}"},"query-input":{"@type":"PropertyValueSpecification","valueRequired":true,"valueName":"search_term_string"}}],"inLanguage":"fr-FR"}]}},"_links":{"self":[{"href":"https:\/\/webhd.fr\/index.php\/wp-json\/wp\/v2\/pages\/331","targetHints":{"allow":["GET"]}}],"collection":[{"href":"https:\/\/webhd.fr\/index.php\/wp-json\/wp\/v2\/pages"}],"about":[{"href":"https:\/\/webhd.fr\/index.php\/wp-json\/wp\/v2\/types\/page"}],"author":[{"embeddable":true,"href":"https:\/\/webhd.fr\/index.php\/wp-json\/wp\/v2\/users\/1"}],"replies":[{"embeddable":true,"href":"https:\/\/webhd.fr\/index.php\/wp-json\/wp\/v2\/comments?post=331"}],"version-history":[{"count":13,"href":"https:\/\/webhd.fr\/index.php\/wp-json\/wp\/v2\/pages\/331\/revisions"}],"predecessor-version":[{"id":4929,"href":"https:\/\/webhd.fr\/index.php\/wp-json\/wp\/v2\/pages\/331\/revisions\/4929"}],"wp:attachment":[{"href":"https:\/\/webhd.fr\/index.php\/wp-json\/wp\/v2\/media?parent=331"}],"curies":[{"name":"wp","href":"https:\/\/api.w.org\/{rel}","templated":true}]}}